{"id":10,"date":"2014-09-25T21:47:54","date_gmt":"2014-09-25T21:47:54","guid":{"rendered":"http:\/\/workair.com.br\/?page_id=10"},"modified":"2014-10-10T15:41:19","modified_gmt":"2014-10-10T18:41:19","slug":"principal","status":"publish","type":"page","link":"https:\/\/workair.com.br\/","title":{"rendered":"Principal"},"content":{"rendered":"<div class=\"callout-wrap\"><span>Nossos compressores s\u00e3o desenvolvidos dentro dos padr\u00f5es de mercado e seguindo as exig\u00eancias internacionais, proporcionamos pe\u00e7as de alta qualidade e durabilidade. Nosso processo \u00e9 rigoroso e mantemos consist\u00eancia em nossos produtos, assim como a rastreabilidade.\r\nA WORK AIR, mant\u00e9m em seu estoque pe\u00e7as de reposi\u00e7\u00e3o, com log\u00edstica eficaz, para que estas cheguem at\u00e9 o cliente rapidamente.<\/span><\/div><!-- END callout-wrap --><br class=\"clear\" \/>\n<div class=\"one_half tt-column\"><div class=\"modern_img_frame modern_two_col_large\"><div class=\"img-preload\"><img src='http:\/\/workair.com.br\/wp-content\/uploads\/\/home-destaques-01-437x234.jpg' alt='' class=\"attachment-fadeIn\" \/><\/div><\/div><p>Desenvolvidos para m\u00faltiplas aplica\u00e7\u00f5es, onde s\u00e3o exigidos grandes volumes de ar e press\u00f5es at\u00e9 2 bar.<\/p>\n<p>Aplica\u00e7\u00e3o em empresas de Transportes, Ind\u00fastrias de Cimento, Concreto, Artefatos de Concreto, Petr\u00f3leo e G\u00e1s.<\/p>\n<p>Compressores com caracter\u00edsticas t\u00e9cnicas e operacionais diferenciadas:<\/p>\n<ul class=\"list list3\">\n<li>Vers\u00f5es PTO (tomada de For\u00e7a)<\/li>\n<li>Vers\u00f5es el\u00e9tricas, que podem ser montadas com motores de Alto Rendimento \/ Plus \/ Super Plus<\/li>\n<\/ul>\n<\/div><div class=\"one_half_last tt-column\"><div class=\"modern_img_frame modern_two_col_large\"><div class=\"img-preload\"><img src='http:\/\/workair.com.br\/wp-content\/uploads\/\/home-destaques-02-437x234.jpg' alt='' class=\"attachment-fadeIn\" \/><\/div><\/div><p>Nossos Pain\u00e9is de Comando e Partida, s\u00e3o feitos de acordo com as exig\u00eancias do projeto, com componentes reconhecidos internacionalmente.<\/p>\n<p>O Quadro El\u00e9trico protege o equipamento contra:<\/p>\n<ul class=\"list list3\">\n<li>Alta amperagem do motor<\/li>\n<li>Falta de fase<\/li>\n<li>Invers\u00e3o de rota\u00e7\u00e3o<\/li>\n<li>Baixa press\u00e3o de lubrifica\u00e7\u00e3o<\/li>\n<\/ul>\n<\/div><br class=\"clear\" \/>","protected":false},"excerpt":{"rendered":"","protected":false},"author":1,"featured_media":0,"parent":0,"menu_order":0,"comment_status":"closed","ping_status":"closed","template":"template-blank-canvas.php","meta":[],"_links":{"self":[{"href":"https:\/\/workair.com.br\/index.php?rest_route=\/wp\/v2\/pages\/10"}],"collection":[{"href":"https:\/\/workair.com.br\/index.php?rest_route=\/wp\/v2\/pages"}],"about":[{"href":"https:\/\/workair.com.br\/index.php?rest_route=\/wp\/v2\/types\/page"}],"author":[{"embeddable":true,"href":"https:\/\/workair.com.br\/index.php?rest_route=\/wp\/v2\/users\/1"}],"replies":[{"embeddable":true,"href":"https:\/\/workair.com.br\/index.php?rest_route=%2Fwp%2Fv2%2Fcomments&post=10"}],"version-history":[{"count":16,"href":"https:\/\/workair.com.br\/index.php?rest_route=\/wp\/v2\/pages\/10\/revisions"}],"predecessor-version":[{"id":112,"href":"https:\/\/workair.com.br\/index.php?rest_route=\/wp\/v2\/pages\/10\/revisions\/112"}],"wp:attachment":[{"href":"https:\/\/workair.com.br\/index.php?rest_route=%2Fwp%2Fv2%2Fmedia&parent=10"}],"curies":[{"name":"wp","href":"https:\/\/api.w.org\/{rel}","templated":true}]}}