{"id":13,"date":"2014-09-26T20:19:44","date_gmt":"2014-09-26T20:19:44","guid":{"rendered":"http:\/\/workair.com.br\/?page_id=13"},"modified":"2014-10-09T16:53:43","modified_gmt":"2014-10-09T16:53:43","slug":"empresa","status":"publish","type":"page","link":"https:\/\/workair.com.br\/?page_id=13","title":{"rendered":"Empresa"},"content":{"rendered":"<div class=\"one_third tt-column\"><div class=\"message_karma_politicalblue colored_box\" style=\"font-size:13px;\"><p>A empresa Work Air \u00e9 um fabricante Brasileiro que atua no segmento de compressores de baixa press\u00e3o para descarga de flu\u00eddos em p\u00f3 como:<\/p>\n<\/div><br class=\"clear\" \/><\/div><div class=\"one_third tt-column\"><div class=\"hr_gap\" style=\"height:20px;\"><\/div><ul class=\"list list3\">\n<li>cimento<\/li>\n<li>cinza (fly ash)<\/li>\n<li>cal<\/li>\n<li>argamassa<\/li>\n<\/ul>\n<\/div><div class=\"one_third_last tt-column\"><div class=\"hr_gap\" style=\"height:20px;\"><\/div><ul class=\"list list3\">\n<li>areia<\/li>\n<li>gesso<\/li>\n<li>carv\u00e3o<\/li>\n<li>produtos de minera\u00e7\u00e3o em geral<\/li>\n<\/ul>\n<\/div><br class=\"clear\" \/><div class=\"tt-icon-box\"><span class=\"fa-stack fa-4x\"><i class=\"fa fa-circle fa-stack-2x\"><\/i><i class=\"fa fa-thumbs-up fa-stack-1x fa-inverse\"><\/i><\/span><h3>Utilizamos nesse processo alto n\u00edvel de padr\u00e3o de qualidade e precis\u00e3o.<\/h3>\n<p class=\"callout2\"><span>Estamos presente no mercado de transporte pneum\u00e1tico a mais de uma d\u00e9cada conquistando parcerias s\u00f3lidas atrav\u00e9s do diferencial de qualidade e atendimento.<\/span><\/p><br class=\"clear\" \/><\/div><div class=\"one_half tt-column\"><a class=\"tt-icon-box\" href=\"http:\/\/workair.com.br\/categoria-produto\/compressores-de-baixa-pressao\/\" title=\"\" target=\"\"><span class=\"fa-stack fa-4x\"><i class=\"fa fa-circle fa-stack-2x\" style=\"color:#3f6ea1;\"><\/i><i class=\"fa fa-cubes fa-stack-1x fa-inverse\"><\/i><\/span><h3>Produtos<\/h3>\n<p>Conhe\u00e7a nossa linha de compressores de baixa press\u00e3o.<\/p>\n<\/a><\/div><div class=\"one_half_last tt-column\"><a class=\"tt-icon-box\" href=\"http:\/\/workair.com.br\/compressores-de-baixa-pressao\/manutencao\/\" title=\"\" target=\"\"><span class=\"fa-stack fa-4x\"><i class=\"fa fa-circle fa-stack-2x\" style=\"color:#3f6ea1;\"><\/i><i class=\"fa fa-cogs fa-stack-1x fa-inverse\"><\/i><\/span><h3>Manuten\u00e7\u00e3o<\/h3>\n<p>Conhe\u00e7a os planos de manuten\u00e7\u00e3o preventiva.<\/p>\n<\/a><\/div><br class=\"clear\" \/>","protected":false},"excerpt":{"rendered":"","protected":false},"author":1,"featured_media":0,"parent":0,"menu_order":0,"comment_status":"closed","ping_status":"closed","template":"","meta":[],"_links":{"self":[{"href":"https:\/\/workair.com.br\/index.php?rest_route=\/wp\/v2\/pages\/13"}],"collection":[{"href":"https:\/\/workair.com.br\/index.php?rest_route=\/wp\/v2\/pages"}],"about":[{"href":"https:\/\/workair.com.br\/index.php?rest_route=\/wp\/v2\/types\/page"}],"author":[{"embeddable":true,"href":"https:\/\/workair.com.br\/index.php?rest_route=\/wp\/v2\/users\/1"}],"replies":[{"embeddable":true,"href":"https:\/\/workair.com.br\/index.php?rest_route=%2Fwp%2Fv2%2Fcomments&post=13"}],"version-history":[{"count":20,"href":"https:\/\/workair.com.br\/index.php?rest_route=\/wp\/v2\/pages\/13\/revisions"}],"predecessor-version":[{"id":137,"href":"https:\/\/workair.com.br\/index.php?rest_route=\/wp\/v2\/pages\/13\/revisions\/137"}],"wp:attachment":[{"href":"https:\/\/workair.com.br\/index.php?rest_route=%2Fwp%2Fv2%2Fmedia&parent=13"}],"curies":[{"name":"wp","href":"https:\/\/api.w.org\/{rel}","templated":true}]}}