{"id":17,"date":"2014-09-26T20:20:21","date_gmt":"2014-09-26T20:20:21","guid":{"rendered":"http:\/\/workair.com.br\/?page_id=17"},"modified":"2015-07-16T14:41:08","modified_gmt":"2015-07-16T17:41:08","slug":"planos","status":"publish","type":"page","link":"https:\/\/workair.com.br\/?page_id=17","title":{"rendered":"Planos"},"content":{"rendered":"<div class=\"tt-icon-box\"><span class=\"fa-stack fa-4x\"><i class=\"fa fa-circle fa-stack-2x\"><\/i><i class=\"fa fa-credit-card fa-stack-1x fa-inverse\"><\/i><\/span><h3>Planos Especiais<\/h3>\n<div class=\"callout-wrap\"><span>A Work Air sendo uma fabricante nacional de Compressores pode oferecer aos seus Clientes o novo Plano BNDES de Combate a Crise, com o qual \u00e9 poss\u00edvel parcelamento das m\u00e1quinas com taxas de juros fixas e at\u00e9 24 meses de carencia.<\/span><\/div><!-- END callout-wrap --><br class=\"clear\" \/>\n<\/div><div class=\"one_half tt-column\"><a class=\"tt-icon-box\" href=\"http:\/\/workair.com.br\/categoria-produto\/compressores-de-baixa-pressao\/\" title=\"\" target=\"\"><span class=\"fa-stack fa-4x\"><i class=\"fa fa-circle fa-stack-2x\" style=\"color:#3f6ea1;\"><\/i><i class=\"fa fa-cubes fa-stack-1x fa-inverse\"><\/i><\/span><h3>Produtos<\/h3>\n<p>Conhe\u00e7a nossa linha de compressores de baixa press\u00e3o.<\/p>\n<\/a><\/div><div class=\"one_half_last tt-column\"><a class=\"tt-icon-box\" href=\"http:\/\/workair.com.br\/compressores-de-baixa-pressao\/manutencao\/\" title=\"\" target=\"\"><span class=\"fa-stack fa-4x\"><i class=\"fa fa-circle fa-stack-2x\" style=\"color:#3f6ea1;\"><\/i><i class=\"fa fa-cogs fa-stack-1x fa-inverse\"><\/i><\/span><h3>Manuten\u00e7\u00e3o<\/h3>\n<p>Conhe\u00e7a os planos de manuten\u00e7\u00e3o preventiva.<\/p>\n<\/a><\/div><br class=\"clear\" \/>","protected":false},"excerpt":{"rendered":"","protected":false},"author":1,"featured_media":0,"parent":0,"menu_order":0,"comment_status":"closed","ping_status":"closed","template":"","meta":[],"_links":{"self":[{"href":"https:\/\/workair.com.br\/index.php?rest_route=\/wp\/v2\/pages\/17"}],"collection":[{"href":"https:\/\/workair.com.br\/index.php?rest_route=\/wp\/v2\/pages"}],"about":[{"href":"https:\/\/workair.com.br\/index.php?rest_route=\/wp\/v2\/types\/page"}],"author":[{"embeddable":true,"href":"https:\/\/workair.com.br\/index.php?rest_route=\/wp\/v2\/users\/1"}],"replies":[{"embeddable":true,"href":"https:\/\/workair.com.br\/index.php?rest_route=%2Fwp%2Fv2%2Fcomments&post=17"}],"version-history":[{"count":9,"href":"https:\/\/workair.com.br\/index.php?rest_route=\/wp\/v2\/pages\/17\/revisions"}],"predecessor-version":[{"id":323,"href":"https:\/\/workair.com.br\/index.php?rest_route=\/wp\/v2\/pages\/17\/revisions\/323"}],"wp:attachment":[{"href":"https:\/\/workair.com.br\/index.php?rest_route=%2Fwp%2Fv2%2Fmedia&parent=17"}],"curies":[{"name":"wp","href":"https:\/\/api.w.org\/{rel}","templated":true}]}}