{"id":43,"date":"2014-10-01T18:49:20","date_gmt":"2014-10-01T18:49:20","guid":{"rendered":"http:\/\/workair.com.br\/?page_id=43"},"modified":"2015-08-19T14:58:50","modified_gmt":"2015-08-19T17:58:50","slug":"pecas-de-reposicao","status":"publish","type":"page","link":"https:\/\/workair.com.br\/?page_id=43","title":{"rendered":"Pe\u00e7as de Reposi\u00e7\u00e3o"},"content":{"rendered":"<h1 style=\"text-align: center;\">Manuten\u00e7\u00e3o Especializada em Compressores de Baixa Press\u00e3o<\/h1>\n<div class=\"hr_gap\" style=\"height:20px;\"><\/div><h3 style=\"text-align: center;\">P\u00f3s Vendas \/ Pe\u00e7as Sobressalentes<\/h3>\n<div class=\"hr_gap\" style=\"height:20px;\"><\/div><div class=\"one_half tt-column\"><div class=\"tt-icon-box\"><span class=\"fa-stack fa-1x\"><i class=\"fa fa-circle fa-stack-2x\" style=\"color:#3f6ea1;\"><\/i><i class=\"fa fa-thumbs-up fa-stack-1x fa-inverse\"><\/i><\/span><h3>Work Air<\/h3>\n<\/div><\/div><div class=\"one_half_last tt-column\"><div class=\"tt-icon-box\"><span class=\"fa-stack fa-1x\"><i class=\"fa fa-circle fa-stack-2x\" style=\"color:#3f6ea1;\"><\/i><i class=\"fa fa-thumbs-up fa-stack-1x fa-inverse\"><\/i><\/span><h3>Outras Marcas<\/h3>\n<\/div><\/div><br class=\"clear\" \/><p>No caso de \u201cPe\u00e7as Sobressalentes de outras(os) marcas ou fabricantes existentes no mercado ou extintos\u201d destacamos que nossa engenharia trabalhou para que tudo fosse especificamente concebido para se adaptar ao equipamento original, oferecendo um desempenho igual ou melhor, com base em nossa experi\u00eancia e dedica\u00e7\u00e3o. Temos como meta oferecer alternativas ou possibilidades de compra para o Cliente. Sendo que o mesmo poder\u00e1 ter o poder de escolha de acordo com seu livre\u2013arb\u00edtrio.<\/p>\n<p>Nossas alternativas das pe\u00e7as sobressalentes em quest\u00e3o, mant\u00e9m os pontos singulares de montagem sem esquecer que usamos materiais de elevad\u00edssima qualidade t\u00e9cnica.<\/p>\n<p>Destacamos que usamos nossa t\u00e9cnica, pois somos tamb\u00e9m fabricantes de m\u00e1quinas e equipamentos.<\/p>\n<h3 style=\"text-align: center;\">Compatibilidade \/ Poss\u00edveis Aplica\u00e7\u00f5es:<\/h3>\n<div class=\"hr_gap\" style=\"height:20px;\"><\/div><div class=\"one_half tt-column\"><div class=\"tt-icon-box\"><span class=\"fa-stack fa-2x\"><i class=\"fa fa-circle fa-stack-2x\" style=\"color:#3f6ea1;\"><\/i><i class=\"fa fa-cogs fa-stack-1x fa-inverse\"><\/i><\/span><h3>Sistemas Equivalentes Para Betico<\/h3>\n<\/div><\/div><div class=\"one_half_last tt-column\"><div class=\"tt-icon-box\"><span class=\"fa-stack fa-2x\"><i class=\"fa fa-circle fa-stack-2x\" style=\"color:#3f6ea1;\"><\/i><i class=\"fa fa-cogs fa-stack-1x fa-inverse\"><\/i><\/span><h3>Sistemas Equivalentes Para Hoos<\/h3>\n<\/div><\/div><br class=\"clear\" \/><div class=\"one_half tt-column\"><ul class=\"list list4\">\n<li>Filtros de Ar e Suc\u00e7\u00e3o<\/li>\n<li>Virabrequim \/ Bielas \/ Casquilhos \/ Bombas de Lubrifica\u00e7\u00e3o<\/li>\n<li>An\u00e9is de Compress\u00e3o \/ V\u00e1lvulas \/ Pist\u00f5es \/ Cabe\u00e7otes \/ Cilindros<\/li>\n<li>Perif\u00e9ricos e Acess\u00f3rios<\/li>\n<\/ul>\n<\/div><div class=\"one_half_last tt-column\"><p class=\"callout2\"><span>O que voc\u00ea est\u00e1 esperando?<\/span><\/p><br class=\"clear\" \/><p><a class=\"ka_button small_button small_coolblue\" href=\"http:\/\/workair.com.br\/contato\/\">Solicite um Or\u00e7amento<\/a><\/p>\n<\/div><br class=\"clear\" \/>","protected":false},"excerpt":{"rendered":"<p>Manuten\u00e7\u00e3o Especializada em Compressores de Baixa Press\u00e3o<br \/>\nP\u00f3s Vendas \/ Pe\u00e7as Sobressalentes<br \/>\nNo caso de \u201cPe\u00e7as Sobressalentes de outras(os) marcas ou fabricantes existentes no mercado ou extintos\u201d destacamos que nossa engenharia trabalhou para que tudo fosse especificamente concebido para se adaptar ao equipamento original, oferecendo um desempenho igual ou melhor, com base em nossa experi\u00eancia e dedica\u00e7\u00e3o. Temos como meta oferecer alternativas ou possibilidades de compra para o Cliente. Sendo que o mesmo poder\u00e1 ter o poder de escolha de &#8230;<\/p>\n","protected":false},"author":1,"featured_media":0,"parent":0,"menu_order":0,"comment_status":"closed","ping_status":"closed","template":"template-blank-canvas.php","meta":[],"_links":{"self":[{"href":"https:\/\/workair.com.br\/index.php?rest_route=\/wp\/v2\/pages\/43"}],"collection":[{"href":"https:\/\/workair.com.br\/index.php?rest_route=\/wp\/v2\/pages"}],"about":[{"href":"https:\/\/workair.com.br\/index.php?rest_route=\/wp\/v2\/types\/page"}],"author":[{"embeddable":true,"href":"https:\/\/workair.com.br\/index.php?rest_route=\/wp\/v2\/users\/1"}],"replies":[{"embeddable":true,"href":"https:\/\/workair.com.br\/index.php?rest_route=%2Fwp%2Fv2%2Fcomments&post=43"}],"version-history":[{"count":30,"href":"https:\/\/workair.com.br\/index.php?rest_route=\/wp\/v2\/pages\/43\/revisions"}],"predecessor-version":[{"id":408,"href":"https:\/\/workair.com.br\/index.php?rest_route=\/wp\/v2\/pages\/43\/revisions\/408"}],"wp:attachment":[{"href":"https:\/\/workair.com.br\/index.php?rest_route=%2Fwp%2Fv2%2Fmedia&parent=43"}],"curies":[{"name":"wp","href":"https:\/\/api.w.org\/{rel}","templated":true}]}}