{"id":45,"date":"2014-10-01T18:51:11","date_gmt":"2014-10-01T18:51:11","guid":{"rendered":"http:\/\/workair.com.br\/?page_id=45"},"modified":"2014-10-22T15:49:05","modified_gmt":"2014-10-22T17:49:05","slug":"compressores-de-baixa-pressao","status":"publish","type":"page","link":"https:\/\/workair.com.br\/?page_id=45","title":{"rendered":"Compressores de Baixa Press\u00e3o"},"content":{"rendered":"<div class=\"one_half tt-column\"><div class=\"modern_img_frame modern_two_col_large\"><div class=\"img-preload\"><img src='http:\/\/workair.com.br\/wp-content\/uploads\/\/filtro-de-oleo-437x234.jpg' alt='' class=\"attachment-fadeIn\" \/><\/div><\/div><p>FILTRO DE \u00d3LEO \u2022 Blindado, com grande volume para filtragem, incorporado \u00e0 v\u00e1lvula de seguran\u00e7a<\/p>\n<\/div><div class=\"one_half_last tt-column\"><div class=\"modern_img_frame modern_two_col_large\"><div class=\"img-preload\"><img src='http:\/\/workair.com.br\/wp-content\/uploads\/\/cabecote-437x234.jpg' alt='' class=\"attachment-fadeIn\" \/><\/div><\/div><p>CABE\u00c7OTE \u2022 Em alum\u00ednio com aletas de refrigera\u00e7\u00e3o, facilitando a dissipa\u00e7\u00e3o de calor, aumentando a efici\u00eancia de resfriamento do conjunto.<\/p>\n<\/div><br class=\"clear\" \/><div class=\"one_half tt-column\"><div class=\"modern_img_frame modern_two_col_large\"><div class=\"img-preload\"><img src='http:\/\/workair.com.br\/wp-content\/uploads\/\/filtro-de-ar-437x234.jpg' alt='' class=\"attachment-fadeIn\" \/><\/div><\/div><p>FILTRO DE AR \u2022 Conjunto especial desenvolvido para facilitar a limpeza e substitui\u00e7\u00e3o dos elementos. Alta capacidade de filtragem destinada a ambientes agressivos.<\/p>\n<\/div><div class=\"one_half_last tt-column\"><div class=\"modern_img_frame modern_two_col_large\"><div class=\"img-preload\"><img src='http:\/\/workair.com.br\/wp-content\/uploads\/\/manometro-437x234.jpg' alt='' class=\"attachment-fadeIn\" \/><\/div><\/div><p>MAN\u00d4METRO \u2022 Indica a press\u00e3o interna do \u00f3leo, garantindo assim acompanhamento da vida \u00fatil do compressor, assegurando que todo o sistema est\u00e1 em ordem. Pela sua constru\u00e7\u00e3o permite que seja posicionado de forma a facilitar sua visualiza\u00e7\u00e3o.<\/p>\n<\/div><br class=\"clear\" \/><div class=\"one_half tt-column\"><div class=\"modern_img_frame modern_two_col_large\"><div class=\"img-preload\"><img src='http:\/\/workair.com.br\/wp-content\/uploads\/\/volante-437x234.jpg' alt='' class=\"attachment-fadeIn\" \/><\/div><\/div><p>VOLANTE \u2022 Nosso volante de in\u00e9rcia est\u00e1 interligado \u00e0 polia motriz e possui janelas para ventila\u00e7\u00e3o de ar, aumentando a efici\u00eancia de resfriamento do compressor. Constru\u00e7\u00e3o com Canais \u201cC\u201d ou \u201cB\u201d.<\/p>\n<\/div><div class=\"one_half_last tt-column\"><div class=\"modern_img_frame modern_two_col_large\"><div class=\"img-preload\"><img src='http:\/\/workair.com.br\/wp-content\/uploads\/\/valvula-alivio1-437x234.jpg' alt='' class=\"attachment-fadeIn\" \/><\/div><\/div><p>V\u00c1LVULA DE AL\u00cdVIO \u2022 Incorporada \u00e0 tampa de abastecimento, funciona de modo eficiente compensando o movimento alternativo do compressor, desta forma n\u00e3o sobrecarregando as partes internas, impedindo a pressuriza\u00e7\u00e3o do c\u00e1rter.<\/p>\n<\/div><br class=\"clear\" \/><div class=\"one_half tt-column\"><div class=\"modern_img_frame modern_two_col_large\"><div class=\"img-preload\"><img src='http:\/\/workair.com.br\/wp-content\/uploads\/\/bomba-lubrificacao-437x234.jpg' alt='' class=\"attachment-fadeIn\" \/><\/div><\/div><p>BOMBA DE LUBRIFICA\u00c7\u00c3O \u2022 Projetada para pressurizar com lubrifica\u00e7\u00e3o todas as partes m\u00f3veis, garantindo press\u00e3o constante, mesmo com n\u00edvel m\u00ednimo de \u00f3leo ou posi\u00e7\u00e3o desnivelada do caminh\u00e3o. Possibilita a invers\u00e3o de sentido de giro de modo r\u00e1pido e eficiente.<\/p>\n<\/div><div class=\"one_half_last tt-column\"><div class=\"modern_img_frame modern_two_col_large\"><div class=\"img-preload\"><img src='http:\/\/workair.com.br\/wp-content\/uploads\/\/vareta-437x234.jpg' alt='' class=\"attachment-fadeIn\" \/><\/div><\/div><p>VARETA DE \u00d3LEO \u2022 Inspirada nos melhores construtores de caminh\u00f5es, garante ao operador checar as condi\u00e7\u00f5es de n\u00edvel de \u00f3leo.<\/p>\n<\/div><br class=\"clear\" \/><div class=\"one_half tt-column\"><div class=\"modern_img_frame modern_two_col_large\"><div class=\"img-preload\"><img src='http:\/\/workair.com.br\/wp-content\/uploads\/\/esticador-437x234.jpg' alt='' class=\"attachment-fadeIn\" \/><\/div><\/div><p>ESTICADOR \u2022 Projetado de maneira simples para as vers\u00f5es el\u00e9tricas Polia x Correias, garante rapidez e efici\u00eancia, sempre que necess\u00e1rio, aplicar tens\u00e3o ou substituir as correias dos conjuntos montados, sem desalinhar motor x compressor.<\/p>\n<\/div><div class=\"one_half_last tt-column\"><div class=\"modern_img_frame modern_two_col_large\"><div class=\"img-preload\"><img src='http:\/\/workair.com.br\/wp-content\/uploads\/\/resfriamento-auxiliar-437x234.jpg' alt='' class=\"attachment-fadeIn\" \/><\/div><\/div><p>RESFRIAMENTO AUXILIAR \u2022 Sistema de alta ventila\u00e7\u00e3o montado em diversas vers\u00f5es ou aplica\u00e7\u00f5es, aumenta a efici\u00eancia de resfriamento onde os \u00edndices de descarga s\u00e3o maiores, garantindo assim condi\u00e7\u00f5es de funcionamento adequadas aos regimes operacionais desejados<\/p>\n<\/div><br class=\"clear\" \/><div class=\"one_half tt-column\"><a class=\"tt-icon-box\" href=\"http:\/\/workair.com.br\/categoria-produto\/compressores-de-baixa-pressao\/\" title=\"\" target=\"\"><span class=\"fa-stack fa-4x\"><i class=\"fa fa-circle fa-stack-2x\" style=\"color:#3f6ea1;\"><\/i><i class=\"fa fa-cubes fa-stack-1x fa-inverse\"><\/i><\/span><h3>Produtos<\/h3>\n<p>Conhe\u00e7a nossa linha de compressores de baixa press\u00e3o.<\/p>\n<\/a><\/div><div class=\"one_half_last tt-column\"><a class=\"tt-icon-box\" href=\"http:\/\/workair.com.br\/compressores-de-baixa-pressao\/manutencao\/\" title=\"\" target=\"\"><span class=\"fa-stack fa-4x\"><i class=\"fa fa-circle fa-stack-2x\" style=\"color:#3f6ea1;\"><\/i><i class=\"fa fa-cogs fa-stack-1x fa-inverse\"><\/i><\/span><h3>Manuten\u00e7\u00e3o<\/h3>\n<p>Conhe\u00e7a os planos de manuten\u00e7\u00e3o preventiva.<\/p>\n<\/a><\/div><br class=\"clear\" \/>","protected":false},"excerpt":{"rendered":"","protected":false},"author":1,"featured_media":0,"parent":0,"menu_order":0,"comment_status":"closed","ping_status":"closed","template":"template-blank-canvas.php","meta":[],"_links":{"self":[{"href":"https:\/\/workair.com.br\/index.php?rest_route=\/wp\/v2\/pages\/45"}],"collection":[{"href":"https:\/\/workair.com.br\/index.php?rest_route=\/wp\/v2\/pages"}],"about":[{"href":"https:\/\/workair.com.br\/index.php?rest_route=\/wp\/v2\/types\/page"}],"author":[{"embeddable":true,"href":"https:\/\/workair.com.br\/index.php?rest_route=\/wp\/v2\/users\/1"}],"replies":[{"embeddable":true,"href":"https:\/\/workair.com.br\/index.php?rest_route=%2Fwp%2Fv2%2Fcomments&post=45"}],"version-history":[{"count":3,"href":"https:\/\/workair.com.br\/index.php?rest_route=\/wp\/v2\/pages\/45\/revisions"}],"predecessor-version":[{"id":173,"href":"https:\/\/workair.com.br\/index.php?rest_route=\/wp\/v2\/pages\/45\/revisions\/173"}],"wp:attachment":[{"href":"https:\/\/workair.com.br\/index.php?rest_route=%2Fwp%2Fv2%2Fmedia&parent=45"}],"curies":[{"name":"wp","href":"https:\/\/api.w.org\/{rel}","templated":true}]}}