{"id":99,"date":"2014-10-08T22:34:42","date_gmt":"2014-10-08T22:34:42","guid":{"rendered":"http:\/\/workair.com.br\/?page_id=99"},"modified":"2015-08-03T20:03:15","modified_gmt":"2015-08-03T23:03:15","slug":"manutencao","status":"publish","type":"page","link":"https:\/\/workair.com.br\/?page_id=99","title":{"rendered":"Manuten\u00e7\u00e3o"},"content":{"rendered":"<ul class=\"accordion accord1\"><li><a href=\"#\" class=\"opener\"><strong>Plano de manuten\u00e7\u00e3o preventiva - WNS 540 PTO 3G<\/strong><\/a><div class=\"slide-holder\"><div class=\"slide\"><div class=\"karma_notify message_blue\" style=\"font-size:13px;\"><p>Antes da Partida do Compressor de Ar, Verificar:<\/p><\/div><ul class=\"list list3\">\n<li>Se todas as partes est\u00e3o corretamente instaladas<\/li>\n<li>Se todas as partes mec\u00e2nicas est\u00e3o firmes e posicionadas devidamente<\/li>\n<li>Se o alinhamento e a tens\u00e3o das correias est\u00e1 correto<\/li>\n<li>Se os Elementos Filtrantes de Ar est\u00e3o livres e desobstru\u00eddos<\/li>\n<li>Verificar se o n\u00edvel de \u00f3leo na vareta est\u00e1 entre o m\u00ednimo e o m\u00e1ximo<\/li>\n<li>Se o man\u00f4metro marca {0,0 (zero)} bar<\/li>\n<li>Verificar se a exist\u00eancia e Posicionamento da V\u00e1lvua de Reten\u00e7\u00e3o<\/li>\n<li>Verificar se a exist\u00eancia e Posicionamento da V\u00e1lvua de Seguran\u00e7a<\/li>\n<li>Rota\u00e7\u00e3o na tomada de for\u00e7a de acordo com o Compressor (Sentido \/ Rota\u00e7\u00e3o &#8211; RPM)<\/li>\n<\/ul>\n<div class=\"karma_notify message_blue\" style=\"font-size:13px;\"><p>Ap\u00f3s a Partida do Compressor de Ar, Verificar:<\/p><\/div><ul class=\"list list3\">\n<li>Se visualmente existe algum tipo de vazamento (Ar e\/ou \u00d3leo)<\/li>\n<li>Se todas as partes est\u00e3o fimes e posicionadas mecanicamente<\/li>\n<li>Se o compressor de ar n\u00e3o apresenta vibra\u00e7\u00e3o fora do normal.<\/li>\n<li>Checar a Press\u00e3o de \u00f3leo se est\u00e1 sempre entre (1,2 bar e 3,5 bar)<\/li>\n<li>Verificar se a temperatura de descarga do Ar, est\u00e1 de acordo.<\/li>\n<li>Nunca parar compressor com: carreta \/ silo \/ -> pressurizado.<\/li>\n<\/ul>\n<div class=\"karma_notify message_blue\" style=\"font-size:13px;\"><p>A cada 75 horas de opera\u00e7\u00e3o \/ 01 m\u00eas de uso -> o que ocorrer primeiro<\/p><\/div><ul class=\"list list3\">\n<li>Limar o Elemento Filtrante de Ar<\/li>\n<li>Completar o n\u00edvel de \u00f3leo com lubrificante correto, se nescess\u00e1rio.<\/li>\n<\/ul>\n<div class=\"karma_notify message_blue\" style=\"font-size:13px;\"><p>A cada 150 horas de opera\u00e7\u00e3o \/ 03 meses de uso -> o que ocorrer primeiro<\/p><\/div><ul class=\"list list3\">\n<li>Substituir o Elemento Filtrante de Ar<\/li>\n<li>Completar o n\u00edvel de \u00f3leo com lubrificante correto, se nescess\u00e1rio.<\/li>\n<\/ul>\n<div class=\"karma_notify message_blue\" style=\"font-size:13px;\"><p>A cada 300 horas de opera\u00e7\u00e3o \/ 01 anos de uso -> o que ocorrer primeiro<\/p><\/div><ul class=\"list list3\">\n<li>Substituir o \u00f3leo lubrificante: ( C\u00f3digo: 3244.0120) ( 5 litros )<\/li>\n<li>Substituir o filtro de \u00f3leo: ( C\u00f3digo: 3234.0501) ( 01 pe\u00e7a )<\/li>\n<li>Substituir o Elemento Filtrante de Ar: ( C\u00f3digo: 3230.1450) (02 pe\u00e7as)<\/li>\n<\/ul>\n<div class=\"karma_notify message_blue\" style=\"font-size:13px;\"><p>A cada 900 horas de opera\u00e7\u00e3o \/ 03 anos de uso -> o que ocorrer primeiro<\/p><\/div><ul class=\"list list3\">\n<li>Verifica\u00e7\u00e3o das V\u00e1lvulas de Suc\u00e7\u00e3o e Descarga, limpeza-se necess\u00e1rio<\/li>\n<li>Verifica\u00e7\u00e3o das veda\u00e7\u00f5es axiais, substituir se necess\u00e1rio,<\/li>\n<li>Verifica\u00e7\u00e3o das veda\u00e7\u00f5es do cabe\u00e7ote, substituir se necess\u00e1rio<\/li>\n<li>Verifica\u00e7\u00e3o do conjunto de compress\u00e3o, substituir se necess\u00e1rio,<\/li>\n<li>Reaperto geral do equipamento de acordo com a tabela de torques.<\/li>\n<\/ul>\n<div class=\"karma_notify message_blue\" style=\"font-size:13px;\"><p>A cada 1800 horas de opera\u00e7\u00e3o \/ 06 anos de uso -> o que ocorrer primeiro<\/p><\/div><ul class=\"list list3\">\n<li>Substituir Kit de v\u00e1lvulas<\/li>\n<li>Substituir Kit de juntas e veda\u00e7\u00f5es<\/li>\n<li>Substituir Kit do Conjunto Girante<\/li>\n<li>Substituir Kit do Conjunto de Compress\u00e3o<\/li>\n<li>Limpeza interna do Carter<\/li>\n<li>Pintura geral do compressor com tinta para alta temperatura.<\/li>\n<\/ul>\n<div class=\"karma_notify message_yellow\" style=\"font-size:13px;\"><p>Nota: Ambientes Agressivos e Contaminados. Pode alterar o cronograma acima. Consulte a Work Air, para executar um novo planejamento de manuten\u00e7\u00e3o preventiva.<\/p><\/div><\/div><\/div><\/li><li><a href=\"#\" class=\"opener\"><strong>Plano de manuten\u00e7\u00e3o preventiva - WNS 540 E PC 3G<\/strong><\/a><div class=\"slide-holder\"><div class=\"slide\"><div class=\"karma_notify message_blue\" style=\"font-size:13px;\"><p>Em Breve<\/p><\/div><\/div><\/div><\/li><li><a href=\"#\" class=\"opener\"><strong>Plano de manuten\u00e7\u00e3o preventiva - WNS 650 E AC 3G<\/strong><\/a><div class=\"slide-holder\"><div class=\"slide\"><div class=\"karma_notify message_blue\" style=\"font-size:13px;\"><p>Em Breve<\/p><\/div><\/div><\/div><\/li><\/ul><script type='text\/javascript'>jQuery(document).ready(function() {jQuery( \".accord1\" ).accordion({ active: 0, autoHeight: false, heightStyle: \"content\", header: \".opener\", collapsible: true, event: \"click\"});});<\/script>","protected":false},"excerpt":{"rendered":"","protected":false},"author":1,"featured_media":0,"parent":45,"menu_order":0,"comment_status":"closed","ping_status":"closed","template":"","meta":[],"_links":{"self":[{"href":"https:\/\/workair.com.br\/index.php?rest_route=\/wp\/v2\/pages\/99"}],"collection":[{"href":"https:\/\/workair.com.br\/index.php?rest_route=\/wp\/v2\/pages"}],"about":[{"href":"https:\/\/workair.com.br\/index.php?rest_route=\/wp\/v2\/types\/page"}],"author":[{"embeddable":true,"href":"https:\/\/workair.com.br\/index.php?rest_route=\/wp\/v2\/users\/1"}],"replies":[{"embeddable":true,"href":"https:\/\/workair.com.br\/index.php?rest_route=%2Fwp%2Fv2%2Fcomments&post=99"}],"version-history":[{"count":16,"href":"https:\/\/workair.com.br\/index.php?rest_route=\/wp\/v2\/pages\/99\/revisions"}],"predecessor-version":[{"id":388,"href":"https:\/\/workair.com.br\/index.php?rest_route=\/wp\/v2\/pages\/99\/revisions\/388"}],"up":[{"embeddable":true,"href":"https:\/\/workair.com.br\/index.php?rest_route=\/wp\/v2\/pages\/45"}],"wp:attachment":[{"href":"https:\/\/workair.com.br\/index.php?rest_route=%2Fwp%2Fv2%2Fmedia&parent=99"}],"curies":[{"name":"wp","href":"https:\/\/api.w.org\/{rel}","templated":true}]}}