{"id":265,"date":"2014-09-25T21:47:54","date_gmt":"2014-09-25T21:47:54","guid":{"rendered":"http:\/\/workair.com.br\/principal-2\/"},"modified":"2015-07-07T16:24:30","modified_gmt":"2015-07-07T19:24:30","slug":"principal","status":"publish","type":"page","link":"https:\/\/workair.com.br\/?page_id=265&lang=es","title":{"rendered":"Principal"},"content":{"rendered":"<div class=\"callout-wrap\"><span>Nuestros compresores de aire se desarrollan dentro de los est\u00e1ndares de mercado y siguiendo las exigencias internacionales, proporcionamos piezas de alta calidad y durabilidad. Nuestro proceso de trabajo es riguroso y mantenemos la coherencia de nuestros productos, as\u00ed como la trazabilidad. Work Air mantiene en su stock piezas de reposici\u00f3n, con una log\u00edstica eficaz, para que lleguen a los clientes muy r\u00e1pidamente.<\/span><\/div><!-- END callout-wrap --><br class=\"clear\" \/>\n<div class=\"one_half tt-column\"><div class=\"modern_img_frame modern_two_col_large\"><div class=\"img-preload\"><img src='http:\/\/workair.com.br\/wp-content\/uploads\/\/home-destaques-01-437x234.jpg' alt='' class=\"attachment-fadeIn\" \/><\/div><\/div><p>Desarrollados para muchas aplicaciones, donde son requeridos grandes vol\u00famenes de aire e presiones hasta 2 bares.<\/p>\n<p>Aplicaci\u00f3n en las empresas de transporte, industrias de cemento, hormig\u00f3n, artefactos de hormig\u00f3n, Petr\u00f3leo y Gas.<\/p>\n<p>Los compresores con caracter\u00edsticas t\u00e9cnicas y operativas diferenciadas:<\/p>\n<ul class=\"list list3\">\n<li>Versiones PTO (salida de fuerza)<\/li>\n<li>Versiones el\u00e9ctricas que se pueden montar con motores de alto rendimiento\/Plus\/Super Plus<\/li>\n<\/ul>\n<\/div><div class=\"one_half_last tt-column\"><div class=\"modern_img_frame modern_two_col_large\"><div class=\"img-preload\"><img src='http:\/\/workair.com.br\/wp-content\/uploads\/\/home-destaques-02-437x234.jpg' alt='' class=\"attachment-fadeIn\" \/><\/div><\/div><p>Nuestros armarios de distribuci\u00f3n y salida se har\u00e1n de acuerdo con los requerimientos espec\u00edficos del proyecto con componentes reconocidos internacionalmente.<\/p>\n<p>El cuadro el\u00e9ctrico protege el equipo contra:<\/p>\n<ul class=\"list list3\">\n<li>Alta amperaje del motor<\/li>\n<li>Falta de fase<\/li>\n<li>Reversi\u00f3n de rotaci\u00f3n<\/li>\n<li>Lubricaci\u00f3n de baja presi\u00f3n<\/li>\n<\/ul>\n<\/div><br class=\"clear\" \/>","protected":false},"excerpt":{"rendered":"","protected":false},"author":1,"featured_media":0,"parent":0,"menu_order":0,"comment_status":"closed","ping_status":"closed","template":"template-blank-canvas.php","meta":[],"_links":{"self":[{"href":"https:\/\/workair.com.br\/index.php?rest_route=\/wp\/v2\/pages\/265"}],"collection":[{"href":"https:\/\/workair.com.br\/index.php?rest_route=\/wp\/v2\/pages"}],"about":[{"href":"https:\/\/workair.com.br\/index.php?rest_route=\/wp\/v2\/types\/page"}],"author":[{"embeddable":true,"href":"https:\/\/workair.com.br\/index.php?rest_route=\/wp\/v2\/users\/1"}],"replies":[{"embeddable":true,"href":"https:\/\/workair.com.br\/index.php?rest_route=%2Fwp%2Fv2%2Fcomments&post=265"}],"version-history":[{"count":2,"href":"https:\/\/workair.com.br\/index.php?rest_route=\/wp\/v2\/pages\/265\/revisions"}],"predecessor-version":[{"id":267,"href":"https:\/\/workair.com.br\/index.php?rest_route=\/wp\/v2\/pages\/265\/revisions\/267"}],"wp:attachment":[{"href":"https:\/\/workair.com.br\/index.php?rest_route=%2Fwp%2Fv2%2Fmedia&parent=265"}],"curies":[{"name":"wp","href":"https:\/\/api.w.org\/{rel}","templated":true}]}}