{"id":268,"date":"2014-09-26T20:19:44","date_gmt":"2014-09-26T20:19:44","guid":{"rendered":"http:\/\/workair.com.br\/empresa-2\/"},"modified":"2015-08-20T13:17:52","modified_gmt":"2015-08-20T16:17:52","slug":"empresa","status":"publish","type":"page","link":"https:\/\/workair.com.br\/?page_id=268&lang=es","title":{"rendered":"Empresa"},"content":{"rendered":"<div class=\"one_third tt-column\"><div class=\"message_karma_politicalblue colored_box\" style=\"font-size:13px;\"><p>La empresa Work Air es un fabricante brasile\u00f1o que act\u00faa en el segmento de compresores de baja presi\u00f3n para descargar fluidos en polvo como:<\/p>\n<\/div><br class=\"clear\" \/><\/div><div class=\"one_third tt-column\"><div class=\"hr_gap\" style=\"height:20px;\"><\/div><ul class=\"list list3\">\n<li>cemento<\/li>\n<li>cenizas (fly ash)<\/li>\n<li>cal<\/li>\n<li>mortero<\/li>\n<\/ul>\n<\/div><div class=\"one_third_last tt-column\"><div class=\"hr_gap\" style=\"height:20px;\"><\/div><ul class=\"list list3\">\n<li>arena<\/li>\n<li>yeso<\/li>\n<li>carb\u00f3n<\/li>\n<li>productos de la miner\u00eda en general.<\/li>\n<\/ul>\n<\/div><br class=\"clear\" \/><div class=\"tt-icon-box\"><span class=\"fa-stack fa-4x\"><i class=\"fa fa-circle fa-stack-2x\"><\/i><i class=\"fa fa-thumbs-up fa-stack-1x fa-inverse\"><\/i><\/span><h3>Utilizamos este alto nivel de proceso de calidad y precisi\u00f3n.<\/h3>\n<p class=\"callout2\"><span>Estamos presentes en el mercado de transporte neum\u00e1tico por m\u00e1s de una d\u00e9cada ganando alianzas s\u00f3lidas a trav\u00e9s del diferencial de calidad y servicio.<\/span><\/p><br class=\"clear\" \/><\/div><div class=\"one_half tt-column\"><a class=\"tt-icon-box\" href=\"http:\/\/workair.com.br\/product-category\/compresores-de-baja-presion\/?lang=es\" title=\"\" target=\"\"><span class=\"fa-stack fa-4x\"><i class=\"fa fa-circle fa-stack-2x\" style=\"color:#3f6ea1;\"><\/i><i class=\"fa fa-cubes fa-stack-1x fa-inverse\"><\/i><\/span><h3>Productos<\/h3>\n<p>Conozca nuestra l\u00ednea de compresores de baja presi\u00f3n<\/p>\n<\/a><\/div><div class=\"one_half_last tt-column\"><a class=\"tt-icon-box\" href=\"http:\/\/workair.com.br\/compressores-de-baixa-pressao\/manutencao\/?lang=es\" title=\"\" target=\"\"><span class=\"fa-stack fa-4x\"><i class=\"fa fa-circle fa-stack-2x\" style=\"color:#3f6ea1;\"><\/i><i class=\"fa fa-cogs fa-stack-1x fa-inverse\"><\/i><\/span><h3>Mantenimiento<\/h3>\n<p>Nuestros planos de mantenimiento preventivo.<\/p>\n<\/a><\/div><br class=\"clear\" \/>","protected":false},"excerpt":{"rendered":"","protected":false},"author":1,"featured_media":0,"parent":0,"menu_order":0,"comment_status":"closed","ping_status":"closed","template":"","meta":[],"_links":{"self":[{"href":"https:\/\/workair.com.br\/index.php?rest_route=\/wp\/v2\/pages\/268"}],"collection":[{"href":"https:\/\/workair.com.br\/index.php?rest_route=\/wp\/v2\/pages"}],"about":[{"href":"https:\/\/workair.com.br\/index.php?rest_route=\/wp\/v2\/types\/page"}],"author":[{"embeddable":true,"href":"https:\/\/workair.com.br\/index.php?rest_route=\/wp\/v2\/users\/1"}],"replies":[{"embeddable":true,"href":"https:\/\/workair.com.br\/index.php?rest_route=%2Fwp%2Fv2%2Fcomments&post=268"}],"version-history":[{"count":4,"href":"https:\/\/workair.com.br\/index.php?rest_route=\/wp\/v2\/pages\/268\/revisions"}],"predecessor-version":[{"id":383,"href":"https:\/\/workair.com.br\/index.php?rest_route=\/wp\/v2\/pages\/268\/revisions\/383"}],"wp:attachment":[{"href":"https:\/\/workair.com.br\/index.php?rest_route=%2Fwp%2Fv2%2Fmedia&parent=268"}],"curies":[{"name":"wp","href":"https:\/\/api.w.org\/{rel}","templated":true}]}}