{"id":275,"date":"2014-10-01T18:51:11","date_gmt":"2014-10-01T18:51:11","guid":{"rendered":"http:\/\/workair.com.br\/compressores-de-baixa-pressao-2\/"},"modified":"2015-07-08T14:10:20","modified_gmt":"2015-07-08T17:10:20","slug":"compressores-de-baixa-pressao","status":"publish","type":"page","link":"https:\/\/workair.com.br\/?page_id=275&lang=es","title":{"rendered":"Compresores de Baja Presi\u00f3n"},"content":{"rendered":"<div class=\"one_half tt-column\"><div class=\"modern_img_frame modern_two_col_large\"><div class=\"img-preload\"><img src='http:\/\/workair.com.br\/wp-content\/uploads\/\/filtro-de-oleo-437x234.jpg' alt='' class=\"attachment-fadeIn\" \/><\/div><\/div><p>Filtro de aceite \u2013 Blindado, con gran volumen para filtraci\u00f3n, incorporado a la v\u00e1lvula de alivio de presi\u00f3n.<\/p>\n<\/div><div class=\"one_half_last tt-column\"><div class=\"modern_img_frame modern_two_col_large\"><div class=\"img-preload\"><img src='http:\/\/workair.com.br\/wp-content\/uploads\/\/cabecote-437x234.jpg' alt='' class=\"attachment-fadeIn\" \/><\/div><\/div><p>Culata \u2013 Con aletas de refrigeraci\u00f3n en aluminio que facilitan la disipaci\u00f3n de calor, aumentando la eficiencia de la refrigeraci\u00f3n del conjunto.<\/p>\n<\/div><br class=\"clear\" \/><div class=\"one_half tt-column\"><div class=\"modern_img_frame modern_two_col_large\"><div class=\"img-preload\"><img src='http:\/\/workair.com.br\/wp-content\/uploads\/\/filtro-de-ar-437x234.jpg' alt='' class=\"attachment-fadeIn\" \/><\/div><\/div><p>Filtro del aire \u2013 Conjunto especial desarrollado para una f\u00e1cil limpieza y sustituci\u00f3n de los elementos. Con alta capacidad de filtraci\u00f3n y proyectado para ambientes hostiles.<\/p>\n<\/div><div class=\"one_half_last tt-column\"><div class=\"modern_img_frame modern_two_col_large\"><div class=\"img-preload\"><img src='http:\/\/workair.com.br\/wp-content\/uploads\/\/manometro-437x234.jpg' alt='' class=\"attachment-fadeIn\" \/><\/div><\/div><p>Man\u00f3metro \u2013 Indica la presi\u00f3n interna del aceite, asegurando as\u00ed el seguimiento de la vida \u00fatil del compresor, garantizando que todo el sistema est\u00e9 en controle. Por su construcci\u00f3n permite que sea posicionado a fin de facilitar su visualizaci\u00f3n.<\/p>\n<\/div><br class=\"clear\" \/><div class=\"one_half tt-column\"><div class=\"modern_img_frame modern_two_col_large\"><div class=\"img-preload\"><img src='http:\/\/workair.com.br\/wp-content\/uploads\/\/volante-437x234.jpg' alt='' class=\"attachment-fadeIn\" \/><\/div><\/div><p>Volante \u2013 Nuestro volante est\u00e1 conectado a la polea motriz de accionamiento y tiene ventanas para ventilaci\u00f3n del aire, aumentando la eficiencia de refrigeraci\u00f3n del compresor. Construcci\u00f3n con canales &#8220;C&#8221; o &#8220;B&#8221;.<\/p>\n<\/div><div class=\"one_half_last tt-column\"><div class=\"modern_img_frame modern_two_col_large\"><div class=\"img-preload\"><img src='http:\/\/workair.com.br\/wp-content\/uploads\/\/valvula-alivio1-437x234.jpg' alt='' class=\"attachment-fadeIn\" \/><\/div><\/div><p>V\u00e1lvula de alivio \u2013 Incorporado en el tap\u00f3n de llenado, que funciona efectivamente para compensar el movimiento alternado del compresor, por lo que no sobrecargue las partes internas, previniendo la presurizaci\u00f3n del c\u00e1rter.<\/p>\n<\/div><br class=\"clear\" \/><div class=\"one_half tt-column\"><div class=\"modern_img_frame modern_two_col_large\"><div class=\"img-preload\"><img src='http:\/\/workair.com.br\/wp-content\/uploads\/\/bomba-lubrificacao-437x234.jpg' alt='' class=\"attachment-fadeIn\" \/><\/div><\/div><p>Bomba de lubricaci\u00f3n \u2013 Proyectada para presurizar con lubricaci\u00f3n todas las partes m\u00f3viles, garantizando una presi\u00f3n constante, incluso con nivel m\u00ednimo de aceite o la posici\u00f3n desnivelada del cami\u00f3n. Permite la direcci\u00f3n inversa de rotaci\u00f3n de manera r\u00e1pida y eficiente.<\/p>\n<\/div><div class=\"one_half_last tt-column\"><div class=\"modern_img_frame modern_two_col_large\"><div class=\"img-preload\"><img src='http:\/\/workair.com.br\/wp-content\/uploads\/\/vareta-437x234.jpg' alt='' class=\"attachment-fadeIn\" \/><\/div><\/div><p>Varilla de aceite \u2013 Inspirado por los mejores fabricantes de camiones, asegura el operador para verificar las condiciones de nivel de aceite.<\/p>\n<\/div><br class=\"clear\" \/><div class=\"one_half tt-column\"><div class=\"modern_img_frame modern_two_col_large\"><div class=\"img-preload\"><img src='http:\/\/workair.com.br\/wp-content\/uploads\/\/esticador-437x234.jpg' alt='' class=\"attachment-fadeIn\" \/><\/div><\/div><p>Estirador \u2013 Dise\u00f1ado de forma simples para las versiones el\u00e9ctricas Polea x correas, asegura velocidad y eficiencia, siempre que es necesario aplicar la tensi\u00f3n o reemplazar las correas de los agregados completos, sin desalineaci\u00f3n motor x compresor.<\/p>\n<\/div><div class=\"one_half_last tt-column\"><div class=\"modern_img_frame modern_two_col_large\"><div class=\"img-preload\"><img src='http:\/\/workair.com.br\/wp-content\/uploads\/\/resfriamento-auxiliar-437x234.jpg' alt='' class=\"attachment-fadeIn\" \/><\/div><\/div><p>Enfriador auxiliar \u2013 Sistema de alta ventilaci\u00f3n montado en diferentes versiones o aplicaciones, aumenta la eficiencia de enfriamiento donde las tasas de descarga son m\u00e1s altos, lo que asegura condiciones de funcionamiento adecuadas a los reg\u00edmenes operacionales deseados.<\/p>\n<\/div><br class=\"clear\" \/><div class=\"one_half tt-column\"><a class=\"tt-icon-box\" href=\"http:\/\/workair.com.br\/categoria-produto\/compressores-de-baixa-pressao\/\" title=\"\" target=\"\"><span class=\"fa-stack fa-4x\"><i class=\"fa fa-circle fa-stack-2x\" style=\"color:#3f6ea1;\"><\/i><i class=\"fa fa-cubes fa-stack-1x fa-inverse\"><\/i><\/span><h3>Productos<\/h3>\n<p>Conozca nuestra l\u00ednea de compresores de baja presi\u00f3n.<\/p>\n<\/a><\/div><div class=\"one_half_last tt-column\"><a class=\"tt-icon-box\" href=\"http:\/\/workair.com.br\/compressores-de-baixa-pressao\/manutencao\/\" title=\"\" target=\"\"><span class=\"fa-stack fa-4x\"><i class=\"fa fa-circle fa-stack-2x\" style=\"color:#3f6ea1;\"><\/i><i class=\"fa fa-cogs fa-stack-1x fa-inverse\"><\/i><\/span><h3>Mantenimiento<\/h3>\n<p>Planes de mantenimiento preventivo.<\/p>\n<\/a><\/div><br class=\"clear\" \/>","protected":false},"excerpt":{"rendered":"","protected":false},"author":1,"featured_media":0,"parent":0,"menu_order":0,"comment_status":"closed","ping_status":"closed","template":"template-blank-canvas.php","meta":[],"_links":{"self":[{"href":"https:\/\/workair.com.br\/index.php?rest_route=\/wp\/v2\/pages\/275"}],"collection":[{"href":"https:\/\/workair.com.br\/index.php?rest_route=\/wp\/v2\/pages"}],"about":[{"href":"https:\/\/workair.com.br\/index.php?rest_route=\/wp\/v2\/types\/page"}],"author":[{"embeddable":true,"href":"https:\/\/workair.com.br\/index.php?rest_route=\/wp\/v2\/users\/1"}],"replies":[{"embeddable":true,"href":"https:\/\/workair.com.br\/index.php?rest_route=%2Fwp%2Fv2%2Fcomments&post=275"}],"version-history":[{"count":2,"href":"https:\/\/workair.com.br\/index.php?rest_route=\/wp\/v2\/pages\/275\/revisions"}],"predecessor-version":[{"id":277,"href":"https:\/\/workair.com.br\/index.php?rest_route=\/wp\/v2\/pages\/275\/revisions\/277"}],"wp:attachment":[{"href":"https:\/\/workair.com.br\/index.php?rest_route=%2Fwp%2Fv2%2Fmedia&parent=275"}],"curies":[{"name":"wp","href":"https:\/\/api.w.org\/{rel}","templated":true}]}}