{"id":293,"date":"2014-10-08T22:34:42","date_gmt":"2014-10-08T22:34:42","guid":{"rendered":"http:\/\/workair.com.br\/compressores-de-baixa-pressao\/manutencao\/"},"modified":"2015-07-20T19:04:00","modified_gmt":"2015-07-20T22:04:00","slug":"manutencao","status":"publish","type":"page","link":"https:\/\/workair.com.br\/?page_id=293&lang=es","title":{"rendered":"Mantenimiento"},"content":{"rendered":"<ul class=\"accordion accord1\"><li><a href=\"#\" class=\"opener\"><strong>Planes de mantenimiento preventivo - WNS 540 PTO 3G<\/strong><\/a><div class=\"slide-holder\"><div class=\"slide\"><div class=\"karma_notify message_blue\" style=\"font-size:13px;\"><p>Antes del arranque del compresor de aire, verificar:<\/p><\/div><ul class=\"list list3\">\n<li>Si todas las piezas est\u00e1n correctamente instaladas<\/li>\n<li>Si todas las partes mec\u00e1nicas est\u00e1n bien ajustadas y debidamente ubicadas<\/li>\n<li>Si la alineaci\u00f3n y la tensi\u00f3n de las correas est\u00e1n correctas<\/li>\n<li>Si los elementos filtrantes del aire est\u00e1n libres y sin obstrucci\u00f3n<\/li>\n<li>Si el nivel de aceite en la varilla est\u00e1 entre el m\u00ednimo y m\u00e1ximo<\/li>\n<li>Si el man\u00f3metro marca {0,0 (zero)} bar<\/li>\n<li>Si la v\u00e1lvula de retenci\u00f3n est\u00e1 presente y bien ubicada<\/li>\n<li>Si la v\u00e1lvula de seguridad est\u00e1 presente y bien ubicada<\/li>\n<li>Rotaci\u00f3n en la toma de fuerza de acuerdo con el compresor (direcci\u00f3n \/ Rotaci\u00f3n \u2013 RPM)<\/li>\n<\/ul>\n<div class=\"karma_notify message_blue\" style=\"font-size:13px;\"><p>Despu\u00e9s del arranque del compresor de aire, verificar:<\/p><\/div><ul class=\"list list3\">\n<li>Si visiblemente existe alg\u00fan tipo de perdida (aire y\/o aceite)<\/li>\n<li>Si todas las partes est\u00e1n bien ajustadas y mec\u00e1nicamente ubicadas<\/li>\n<li>Si el compresor de aire no presenta alguna vibraci\u00f3n anormal<\/li>\n<li>Verificar si la presi\u00f3n del aceite permanezca siempre entre 1,2 bar y 3,5 bar<\/li>\n<li>Si la temperatura de salida del aire est\u00e1 de acuerdo<\/li>\n<li>Nunca apague el compresor con: carreta \/ silo \/ >presurizado<\/li>\n<\/ul>\n<div class=\"karma_notify message_blue\" style=\"font-size:13px;\"><p>A cada 75 horas operativas \/ 1 mes de uso \u2013 lo que ocurra primero<\/p><\/div><ul class=\"list list3\">\n<li>Limpiar el elemento filtrante del aire<\/li>\n<li>Completar el nivel de aceite con el lubrificante correcto, si es necesario<\/li>\n<\/ul>\n<div class=\"karma_notify message_blue\" style=\"font-size:13px;\"><p>A cada 150 horas operativas \/ 3 meses de uso \u2013 lo que ocurra primero<\/p><\/div><ul class=\"list list3\">\n<li>Reemplazar el elemento filtrante del aire<\/li>\n<li>Completar el nivel de aceite con el lubrificante correcto, si es necesario<\/li>\n<\/ul>\n<div class=\"karma_notify message_blue\" style=\"font-size:13px;\"><p>A cada 300 horas operativas \/ 1 a\u00f1o de uso \u2013 lo que ocurra primero<\/p><\/div><ul class=\"list list3\">\n<li>Reemplazar el aceite lubrificante: (N.\u00ba: 3244.0120) (5 litros)<\/li>\n<li>Reemplazar el filtro del aceite: (N.\u00ba: 3234.0501) (1 piezas)<\/li>\n<li>Reemplazar el elemento filtrante del aire (N. \u00ba: 3230.1450) (2 piezas)<\/li>\n<\/ul>\n<div class=\"karma_notify message_blue\" style=\"font-size:13px;\"><p>A cada 900 horas operativas \/ 3 a\u00f1os de uso \u2013 lo que ocurra primero<\/p><\/div><ul class=\"list list3\">\n<li>Verificaci\u00f3n de las v\u00e1lvulas de succi\u00f3n y v\u00e1lvula de descarga, limpiarlas si es necesario<\/li>\n<li>Verificaci\u00f3n de las obturaciones axiales, reemplazarlas si es necesario<\/li>\n<li>Verificaci\u00f3n de las obturaciones de la culata, reemplazarlas si es necesario<\/li>\n<li>Verificaci\u00f3n del conjunto de compresi\u00f3n, reemplazarlas si es necesario<\/li>\n<li>Reapriete general del equipo siguiendo la tabla de torques<\/li>\n<\/ul>\n<div class=\"karma_notify message_blue\" style=\"font-size:13px;\"><p>A cada 1800 horas operativas \/ 6 a\u00f1os de uso \u2013 lo que ocurra primero<\/p><\/div><ul class=\"list list3\">\n<li>Reemplazar el kit de v\u00e1lvulas<\/li>\n<li>Reemplazar el kit de juntas y obturaciones<\/li>\n<li>Reemplazar el kit del conjunto  girante<\/li>\n<li>Reemplazar el kit del conjunto  de compresi\u00f3n<\/li>\n<li>Limpieza interna del c\u00e1rter<\/li>\n<li>Pintura completa de los compresores con tinta de alta temperatura<\/li>\n<\/ul>\n<div class=\"karma_notify message_yellow\" style=\"font-size:13px;\"><p>Ambientes agresivos y contaminados pueden cambiar el cronograma descrito arriba. Consulte la Work Air para hacer un nuevo plan de mantenimiento preventivo.<\/p><\/div><\/div><\/div><\/li><li><a href=\"#\" class=\"opener\"><strong>Plano de manuten\u00e7\u00e3o preventiva - WNS 540 E PC 3G<\/strong><\/a><div class=\"slide-holder\"><div class=\"slide\"><div class=\"karma_notify message_blue\" style=\"font-size:13px;\"><p>Em Breve<\/p><\/div><\/div><\/div><\/li><li><a href=\"#\" class=\"opener\"><strong>Plano de manuten\u00e7\u00e3o preventiva - WNS 650 E AC 3G<\/strong><\/a><div class=\"slide-holder\"><div class=\"slide\"><div class=\"karma_notify message_blue\" style=\"font-size:13px;\"><p>Em Breve<\/p><\/div><\/div><\/div><\/li><\/ul><script type='text\/javascript'>jQuery(document).ready(function() {jQuery( \".accord1\" ).accordion({ active: 0, autoHeight: false, heightStyle: \"content\", header: \".opener\", collapsible: true, event: \"click\"});});<\/script>","protected":false},"excerpt":{"rendered":"","protected":false},"author":1,"featured_media":0,"parent":275,"menu_order":0,"comment_status":"closed","ping_status":"closed","template":"","meta":[],"_links":{"self":[{"href":"https:\/\/workair.com.br\/index.php?rest_route=\/wp\/v2\/pages\/293"}],"collection":[{"href":"https:\/\/workair.com.br\/index.php?rest_route=\/wp\/v2\/pages"}],"about":[{"href":"https:\/\/workair.com.br\/index.php?rest_route=\/wp\/v2\/types\/page"}],"author":[{"embeddable":true,"href":"https:\/\/workair.com.br\/index.php?rest_route=\/wp\/v2\/users\/1"}],"replies":[{"embeddable":true,"href":"https:\/\/workair.com.br\/index.php?rest_route=%2Fwp%2Fv2%2Fcomments&post=293"}],"version-history":[{"count":6,"href":"https:\/\/workair.com.br\/index.php?rest_route=\/wp\/v2\/pages\/293\/revisions"}],"predecessor-version":[{"id":299,"href":"https:\/\/workair.com.br\/index.php?rest_route=\/wp\/v2\/pages\/293\/revisions\/299"}],"up":[{"embeddable":true,"href":"https:\/\/workair.com.br\/index.php?rest_route=\/wp\/v2\/pages\/275"}],"wp:attachment":[{"href":"https:\/\/workair.com.br\/index.php?rest_route=%2Fwp%2Fv2%2Fmedia&parent=293"}],"curies":[{"name":"wp","href":"https:\/\/api.w.org\/{rel}","templated":true}]}}