{"id":304,"date":"2014-10-01T18:49:20","date_gmt":"2014-10-01T18:49:20","guid":{"rendered":"http:\/\/workair.com.br\/pecas-de-reposicao-2\/"},"modified":"2015-08-19T14:59:32","modified_gmt":"2015-08-19T17:59:32","slug":"pecas-de-reposicao","status":"publish","type":"page","link":"https:\/\/workair.com.br\/?page_id=304&lang=es","title":{"rendered":"Piezas de Repuesto"},"content":{"rendered":"<h1 style=\"text-align: center;\">Mantenimiento Especializado en Compresores de Baja Presi\u00f3n<\/h1>\n<div class=\"hr_gap\" style=\"height:20px;\"><\/div><h3 style=\"text-align: center;\">P\u00f3s venta \/ Piezas de repuesto<\/h3>\n<div class=\"hr_gap\" style=\"height:20px;\"><\/div><div class=\"one_half tt-column\"><div class=\"tt-icon-box\"><span class=\"fa-stack fa-1x\"><i class=\"fa fa-circle fa-stack-2x\" style=\"color:#3f6ea1;\"><\/i><i class=\"fa fa-thumbs-up fa-stack-1x fa-inverse\"><\/i><\/span><h3>Work Air<\/h3>\n<\/div><\/div><div class=\"one_half_last tt-column\"><div class=\"tt-icon-box\"><span class=\"fa-stack fa-1x\"><i class=\"fa fa-circle fa-stack-2x\" style=\"color:#3f6ea1;\"><\/i><i class=\"fa fa-thumbs-up fa-stack-1x fa-inverse\"><\/i><\/span><h3>Otras Marcas<\/h3>\n<\/div><\/div><br class=\"clear\" \/><p>En el caso de \u201cpiezas de repuesto de otras marcas o fabricantes del mercado o extintos\u201d destacamos que nuestra enge\u00f1ar\u00eda ha trabajado para que todo sea espec\u00edficamente concebido para adaptarse al equipo original, ofreciendo un desempe\u00f1o igual o mejor, en base de nuestra experiencia y dedicaci\u00f3n. Tenemos como meta ofrecer alternativas o posibilidades de compra para el cliente. En el caso que el mismo podr\u00e1 elegir de acuerdo con su libre albedr\u00edo.<\/p>\n<p>Nuestras alternativas de piezas de repuesto mantienen los puntos singulares de montaje sin olvidar que utilizamos materiales de elevada calidad t\u00e9cnica.<\/p>\n<p>Recordamos que utilizamos nuestra t\u00e9cnica porque tambi\u00e9n somos fabricantes de maquinaria y equipos<\/p>\n<h3 style=\"text-align: center;\">Compatibilidad \/ Posibles Aplicaciones:<\/h3>\n<div class=\"hr_gap\" style=\"height:20px;\"><\/div><div class=\"one_half tt-column\"><div class=\"tt-icon-box\"><span class=\"fa-stack fa-2x\"><i class=\"fa fa-circle fa-stack-2x\" style=\"color:#3f6ea1;\"><\/i><i class=\"fa fa-cogs fa-stack-1x fa-inverse\"><\/i><\/span><h3>Sistemas Equivalentes Para Betico<\/h3>\n<\/div><\/div><div class=\"one_half_last tt-column\"><div class=\"tt-icon-box\"><span class=\"fa-stack fa-2x\"><i class=\"fa fa-circle fa-stack-2x\" style=\"color:#3f6ea1;\"><\/i><i class=\"fa fa-cogs fa-stack-1x fa-inverse\"><\/i><\/span><h3>Sistemas Equivalentes Para Hoos<\/h3>\n<\/div><\/div><br class=\"clear\" \/><div class=\"one_half tt-column\"><ul class=\"list list4\">\n<li>Filtros del Aire y Succi\u00f3n<\/li>\n<li>Cig\u00fce\u00f1al \/ Bielas \/ Cojinete \/ Bombas de Lubrificaci\u00f3n<\/li>\n<li>Anillos de Compresi\u00f3n \/ V\u00e1lvulas \/ Pist\u00f3n \/ Culata \/ Cilindros<\/li>\n<li>Perif\u00e9ricos e Accesorios<\/li>\n<\/ul>\n<\/div><div class=\"one_half_last tt-column\"><p class=\"callout2\"><span>Mantenimiento Especializado en Compresores de Baja Presi\u00f3n<\/span><\/p><br class=\"clear\" \/><p><a class=\"ka_button small_button small_coolblue\" href=\"http:\/\/workair.com.br\/contato\/?lang=es\">Cont\u00e1ctenos<\/a><\/p>\n<\/div><br class=\"clear\" \/>","protected":false},"excerpt":{"rendered":"<p>Mantenimiento Especializado en Compresores de Baja Presi\u00f3n<br \/>\nP\u00f3s venta \/ Piezas de repuesto<br \/>\nEn el caso de \u201cpiezas de repuesto de otras marcas o fabricantes del mercado o extintos\u201d destacamos que nuestra enge\u00f1ar\u00eda ha trabajado para que todo sea espec\u00edficamente concebido para adaptarse al equipo original, ofreciendo un desempe\u00f1o igual o mejor, en base de nuestra experiencia y dedicaci\u00f3n. Tenemos como meta ofrecer alternativas o posibilidades de compra para el cliente. En el caso que el mismo podr\u00e1 elegir de &#8230;<\/p>\n","protected":false},"author":1,"featured_media":0,"parent":0,"menu_order":0,"comment_status":"closed","ping_status":"closed","template":"template-blank-canvas.php","meta":[],"_links":{"self":[{"href":"https:\/\/workair.com.br\/index.php?rest_route=\/wp\/v2\/pages\/304"}],"collection":[{"href":"https:\/\/workair.com.br\/index.php?rest_route=\/wp\/v2\/pages"}],"about":[{"href":"https:\/\/workair.com.br\/index.php?rest_route=\/wp\/v2\/types\/page"}],"author":[{"embeddable":true,"href":"https:\/\/workair.com.br\/index.php?rest_route=\/wp\/v2\/users\/1"}],"replies":[{"embeddable":true,"href":"https:\/\/workair.com.br\/index.php?rest_route=%2Fwp%2Fv2%2Fcomments&post=304"}],"version-history":[{"count":6,"href":"https:\/\/workair.com.br\/index.php?rest_route=\/wp\/v2\/pages\/304\/revisions"}],"predecessor-version":[{"id":409,"href":"https:\/\/workair.com.br\/index.php?rest_route=\/wp\/v2\/pages\/304\/revisions\/409"}],"wp:attachment":[{"href":"https:\/\/workair.com.br\/index.php?rest_route=%2Fwp%2Fv2%2Fmedia&parent=304"}],"curies":[{"name":"wp","href":"https:\/\/api.w.org\/{rel}","templated":true}]}}