{"id":307,"date":"2014-09-26T20:20:21","date_gmt":"2014-09-26T20:20:21","guid":{"rendered":"http:\/\/workair.com.br\/planos-2\/"},"modified":"2015-07-22T18:31:31","modified_gmt":"2015-07-22T21:31:31","slug":"planos","status":"publish","type":"page","link":"https:\/\/workair.com.br\/?page_id=307&lang=es","title":{"rendered":"Planes"},"content":{"rendered":"<div class=\"tt-icon-box\"><span class=\"fa-stack fa-4x\"><i class=\"fa fa-circle fa-stack-2x\"><\/i><i class=\"fa fa-credit-card fa-stack-1x fa-inverse\"><\/i><\/span><h3>Condiciones Especiales<\/h3>\n<div class=\"callout-wrap\"><span>La Work Air siendo una industria brasile\u00f1a puede ofrecer a sus clientes el nuevo Plan BNDES (El Banco de Desarrollo de Brasil - <a href=\"http:\/\/www.bndes.gov.br\/SiteBNDES\/bndes\/bndes_es\/\" target=\"_blank\">http:\/\/www.bndes.gov.br\/SiteBNDES\/bndes\/bndes_es\/<\/a>), con el es posible partici\u00f3n de las m\u00e1quinas con tipos de inter\u00e9s fijos de 4,5 % \/ a\u00f1o y un m\u00e1ximo de 24 meses de carencias.<\/span><\/div><!-- END callout-wrap --><br class=\"clear\" \/>\n<\/div><div class=\"one_half tt-column\"><a class=\"tt-icon-box\" href=\"http:\/\/workair.com.br\/product-category\/compresores-de-baja-presion\/?lang=es\" title=\"\" target=\"\"><span class=\"fa-stack fa-4x\"><i class=\"fa fa-circle fa-stack-2x\" style=\"color:#3f6ea1;\"><\/i><i class=\"fa fa-cubes fa-stack-1x fa-inverse\"><\/i><\/span><h3>Productos<\/h3>\n<p>Conozca nuestra l\u00ednea de compresores de baja presi\u00f3n<\/p>\n<\/a><\/div><div class=\"one_half_last tt-column\"><a class=\"tt-icon-box\" href=\"http:\/\/workair.com.br\/compressores-de-baixa-pressao\/manutencao\/?lang=es\" title=\"\" target=\"\"><span class=\"fa-stack fa-4x\"><i class=\"fa fa-circle fa-stack-2x\" style=\"color:#3f6ea1;\"><\/i><i class=\"fa fa-cogs fa-stack-1x fa-inverse\"><\/i><\/span><h3>Mantenimiento<\/h3>\n<p>Nuestros planos de mantenimiento preventivo.<\/p>\n<\/a><\/div><br class=\"clear\" \/>","protected":false},"excerpt":{"rendered":"","protected":false},"author":1,"featured_media":0,"parent":0,"menu_order":0,"comment_status":"closed","ping_status":"closed","template":"","meta":[],"_links":{"self":[{"href":"https:\/\/workair.com.br\/index.php?rest_route=\/wp\/v2\/pages\/307"}],"collection":[{"href":"https:\/\/workair.com.br\/index.php?rest_route=\/wp\/v2\/pages"}],"about":[{"href":"https:\/\/workair.com.br\/index.php?rest_route=\/wp\/v2\/types\/page"}],"author":[{"embeddable":true,"href":"https:\/\/workair.com.br\/index.php?rest_route=\/wp\/v2\/users\/1"}],"replies":[{"embeddable":true,"href":"https:\/\/workair.com.br\/index.php?rest_route=%2Fwp%2Fv2%2Fcomments&post=307"}],"version-history":[{"count":6,"href":"https:\/\/workair.com.br\/index.php?rest_route=\/wp\/v2\/pages\/307\/revisions"}],"predecessor-version":[{"id":385,"href":"https:\/\/workair.com.br\/index.php?rest_route=\/wp\/v2\/pages\/307\/revisions\/385"}],"wp:attachment":[{"href":"https:\/\/workair.com.br\/index.php?rest_route=%2Fwp%2Fv2%2Fmedia&parent=307"}],"curies":[{"name":"wp","href":"https:\/\/api.w.org\/{rel}","templated":true}]}}